{"id":26870,"date":"2025-08-29T16:17:05","date_gmt":"2025-08-29T14:17:05","guid":{"rendered":"https:\/\/floriankolhammer.com\/?post_type=product&#038;p=26870"},"modified":"2025-10-24T18:45:18","modified_gmt":"2025-10-24T16:45:18","slug":"desk-with-armchair-hans-bolek-august-ungethuem-1913","status":"publish","type":"product","link":"https:\/\/floriankolhammer.com\/en\/product\/desk-with-armchair-hans-bolek-august-ungethuem-1913\/","title":{"rendered":"Desk with armchair Hans Bolek August Ungeth\u00fcm 1913"},"content":{"rendered":"<p>The furniture in this extraordinary study was designed in 1913 by Hans Bolek, an extremely talented student of the legendary Josef Hoffmann, and was impressively presented at the renowned Winter Exhibition of the Austrian Museum of Art and Industry (\u00d6MKI) in 1913\/1914, together with a living room. The masterful craftsmanship was carried out by August Ungeth\u00fcm, who was also trained<br \/>\nunder Hoffmann and was known for his excellent craftsmanship. International interior design magazines and daily newspapers praised the room at the time for its groundbreaking style and craftsmanship, which brought it attention and recognition far beyond Austria&#8217;s borders.<br \/>\nThe entire study was purchased on November 6, 1913, by the then Minister of Public Works, Baron Ottokar Trnka von Laberon, further underscoring its high cultural and political value. Hans Bolek&#8217;s work during his training period comprises only a few complete room furnishings, which makes this ensemble an exceptionally rare and art-historically significant testimony to Viennese Art Nouveau.<br \/>\nThe furniture is characterized by a clear, elegant design that was strongly influenced by Josef Hoffmann&#8217;s style. Particularly noteworthy is the harmonious combination of strictly geometric forms with flowing floral elements\u2014 two seemingly contradictory styles that Bolek<br \/>\nbrought into aesthetic harmony with particular sensitivity and skill. This stylistic synthesis emphasizes the Viennese Art Nouveau&#8217;s pursuit of a combination of aesthetic purity, decorative expressiveness, and functional clarity.<\/p>\n<p>The ensemble consists of a representative desk with elegant fittings and a matching armchair made of solid oak, an impressive cabinet display case, and a stylish table display case or humidor. All pieces of furniture, except for the chair, are made of solid spruce wood and covered with high-quality swamp oak veneer. The surfaces have been carefully stained and finished with a silk matt shellac polish, giving them a subtle, elegant sheen. A special bonus is the existence of the original keys, which bear the company name \u201cA. Ungeth\u00fcm.\u201d Particularly impressive is the cabinet display case, whose interior is lined with precious mahogany veneer, giving the display case a warm and deep aura. A historical photo of part of this ensemble is in the renowned collection of the Museum of Applied Arts (MAK) in Vienna and was published in various contemporary magazines during Bolek&#8217;s lifetime. This unique group of furniture represents the spirit of late Viennese Art Nouveau in the highest quality and incomparable elegance and is exemplary of this period at the turnof the stylistic eras.<\/p>\n","protected":false},"excerpt":{"rendered":"<p>Desk with armchair, Hans Bolek (design), August Ungeth\u00fcm M\u00f6elfabrik Wien (execution), 1913<\/p>\n","protected":false},"featured_media":26840,"template":"","meta":[],"product_brand":[],"product_cat":[387,384,1318],"product_tag":[],"class_list":{"0":"post-26870","1":"product","2":"type-product","3":"status-publish","4":"has-post-thumbnail","6":"product_cat-furniture","7":"product_cat-general","8":"product_cat-highlight-en","10":"first","11":"outofstock","12":"shipping-taxable","13":"product-type-simple"},"yoast_head":"<!-- This site is optimized with the Yoast SEO plugin v27.3 - https:\/\/yoast.com\/product\/yoast-seo-wordpress\/ -->\n<title>Desk with armchair Hans Bolek August Ungeth\u00fcm 1913 - Art Trade Florian Kolhammer<\/title>\n<meta name=\"robots\" content=\"index, follow, max-snippet:-1, max-image-preview:large, max-video-preview:-1\" \/>\n<link rel=\"canonical\" href=\"https:\/\/floriankolhammer.com\/product\/schreibtisch-mit-armlehnstuhl-hans-bolek-august-ungethuem-1913\/\" \/>\n<meta property=\"og:locale\" content=\"en_US\" \/>\n<meta property=\"og:type\" content=\"article\" \/>\n<meta property=\"og:title\" content=\"Desk with armchair Hans Bolek August Ungeth\u00fcm 1913 - Art Trade Florian Kolhammer\" \/>\n<meta property=\"og:description\" content=\"Desk with armchair, Hans Bolek (design), August Ungeth\u00fcm M\u00f6elfabrik Wien (execution), 1913\" \/>\n<meta property=\"og:url\" content=\"https:\/\/floriankolhammer.com\/product\/schreibtisch-mit-armlehnstuhl-hans-bolek-august-ungethuem-1913\/\" \/>\n<meta property=\"og:site_name\" content=\"Art Trade Florian Kolhammer\" \/>\n<meta property=\"article:publisher\" content=\"https:\/\/www.facebook.com\/kolhammer\" \/>\n<meta property=\"article:modified_time\" content=\"2025-10-24T16:45:18+00:00\" \/>\n<meta property=\"og:image\" content=\"https:\/\/floriankolhammer.com\/wp-content\/uploads\/2025\/08\/1075_Schreibtisch-mit-Armlehnstuhl_Hans_Bolek_Florian_Kolhammer-TB.jpg\" \/>\n\t<meta property=\"og:image:width\" content=\"1000\" \/>\n\t<meta property=\"og:image:height\" content=\"1000\" \/>\n\t<meta property=\"og:image:type\" content=\"image\/jpeg\" \/>\n<meta name=\"twitter:card\" content=\"summary_large_image\" \/>\n<meta name=\"twitter:label1\" content=\"Est. reading time\" \/>\n\t<meta name=\"twitter:data1\" content=\"3 minutes\" \/>\n<script type=\"application\/ld+json\" class=\"yoast-schema-graph\">{\"@context\":\"https:\\\/\\\/schema.org\",\"@graph\":[{\"@type\":\"WebPage\",\"@id\":\"https:\\\/\\\/floriankolhammer.com\\\/product\\\/schreibtisch-mit-armlehnstuhl-hans-bolek-august-ungethuem-1913\\\/\",\"url\":\"https:\\\/\\\/floriankolhammer.com\\\/product\\\/schreibtisch-mit-armlehnstuhl-hans-bolek-august-ungethuem-1913\\\/\",\"name\":\"Desk with armchair Hans Bolek August Ungeth\u00fcm 1913 - Art Trade Florian Kolhammer\",\"isPartOf\":{\"@id\":\"https:\\\/\\\/floriankolhammer.com\\\/#website\"},\"primaryImageOfPage\":{\"@id\":\"https:\\\/\\\/floriankolhammer.com\\\/product\\\/schreibtisch-mit-armlehnstuhl-hans-bolek-august-ungethuem-1913\\\/#primaryimage\"},\"image\":{\"@id\":\"https:\\\/\\\/floriankolhammer.com\\\/product\\\/schreibtisch-mit-armlehnstuhl-hans-bolek-august-ungethuem-1913\\\/#primaryimage\"},\"thumbnailUrl\":\"https:\\\/\\\/floriankolhammer.com\\\/wp-content\\\/uploads\\\/2025\\\/08\\\/1075_Schreibtisch-mit-Armlehnstuhl_Hans_Bolek_Florian_Kolhammer-TB.jpg\",\"datePublished\":\"2025-08-29T14:17:05+00:00\",\"dateModified\":\"2025-10-24T16:45:18+00:00\",\"breadcrumb\":{\"@id\":\"https:\\\/\\\/floriankolhammer.com\\\/product\\\/schreibtisch-mit-armlehnstuhl-hans-bolek-august-ungethuem-1913\\\/#breadcrumb\"},\"inLanguage\":\"en-US\",\"potentialAction\":[{\"@type\":\"ReadAction\",\"target\":[\"https:\\\/\\\/floriankolhammer.com\\\/product\\\/schreibtisch-mit-armlehnstuhl-hans-bolek-august-ungethuem-1913\\\/\"]}]},{\"@type\":\"ImageObject\",\"inLanguage\":\"en-US\",\"@id\":\"https:\\\/\\\/floriankolhammer.com\\\/product\\\/schreibtisch-mit-armlehnstuhl-hans-bolek-august-ungethuem-1913\\\/#primaryimage\",\"url\":\"https:\\\/\\\/floriankolhammer.com\\\/wp-content\\\/uploads\\\/2025\\\/08\\\/1075_Schreibtisch-mit-Armlehnstuhl_Hans_Bolek_Florian_Kolhammer-TB.jpg\",\"contentUrl\":\"https:\\\/\\\/floriankolhammer.com\\\/wp-content\\\/uploads\\\/2025\\\/08\\\/1075_Schreibtisch-mit-Armlehnstuhl_Hans_Bolek_Florian_Kolhammer-TB.jpg\",\"width\":1000,\"height\":1000},{\"@type\":\"BreadcrumbList\",\"@id\":\"https:\\\/\\\/floriankolhammer.com\\\/product\\\/schreibtisch-mit-armlehnstuhl-hans-bolek-august-ungethuem-1913\\\/#breadcrumb\",\"itemListElement\":[{\"@type\":\"ListItem\",\"position\":1,\"name\":\"Objects\",\"item\":\"https:\\\/\\\/floriankolhammer.com\\\/en\\\/objects\\\/\"},{\"@type\":\"ListItem\",\"position\":2,\"name\":\"Desk with armchair Hans Bolek August Ungeth\u00fcm 1913\"}]},{\"@type\":\"WebSite\",\"@id\":\"https:\\\/\\\/floriankolhammer.com\\\/#website\",\"url\":\"https:\\\/\\\/floriankolhammer.com\\\/\",\"name\":\"Art Trade Florian Kolhammer\",\"description\":\"Viennese art dealer\",\"publisher\":{\"@id\":\"https:\\\/\\\/floriankolhammer.com\\\/#organization\"},\"potentialAction\":[{\"@type\":\"SearchAction\",\"target\":{\"@type\":\"EntryPoint\",\"urlTemplate\":\"https:\\\/\\\/floriankolhammer.com\\\/?s={search_term_string}\"},\"query-input\":{\"@type\":\"PropertyValueSpecification\",\"valueRequired\":true,\"valueName\":\"search_term_string\"}}],\"inLanguage\":\"en-US\"},{\"@type\":\"Organization\",\"@id\":\"https:\\\/\\\/floriankolhammer.com\\\/#organization\",\"name\":\"Kunsthandel Florian Kolhammer\",\"url\":\"https:\\\/\\\/floriankolhammer.com\\\/\",\"logo\":{\"@type\":\"ImageObject\",\"inLanguage\":\"en-US\",\"@id\":\"https:\\\/\\\/floriankolhammer.com\\\/#\\\/schema\\\/logo\\\/image\\\/\",\"url\":\"https:\\\/\\\/floriankolhammer.com\\\/wp-content\\\/uploads\\\/2020\\\/08\\\/Logo.png\",\"contentUrl\":\"https:\\\/\\\/floriankolhammer.com\\\/wp-content\\\/uploads\\\/2020\\\/08\\\/Logo.png\",\"width\":2608,\"height\":2472,\"caption\":\"Kunsthandel Florian Kolhammer\"},\"image\":{\"@id\":\"https:\\\/\\\/floriankolhammer.com\\\/#\\\/schema\\\/logo\\\/image\\\/\"},\"sameAs\":[\"https:\\\/\\\/www.facebook.com\\\/kolhammer\",\"https:\\\/\\\/www.instagram.com\\\/floriankolhammer\\\/\"]}]}<\/script>\n<!-- \/ Yoast SEO plugin. -->","yoast_head_json":{"title":"Desk with armchair Hans Bolek August Ungeth\u00fcm 1913 - Art Trade Florian Kolhammer","robots":{"index":"index","follow":"follow","max-snippet":"max-snippet:-1","max-image-preview":"max-image-preview:large","max-video-preview":"max-video-preview:-1"},"canonical":"https:\/\/floriankolhammer.com\/product\/schreibtisch-mit-armlehnstuhl-hans-bolek-august-ungethuem-1913\/","og_locale":"en_US","og_type":"article","og_title":"Desk with armchair Hans Bolek August Ungeth\u00fcm 1913 - Art Trade Florian Kolhammer","og_description":"Desk with armchair, Hans Bolek (design), August Ungeth\u00fcm M\u00f6elfabrik Wien (execution), 1913","og_url":"https:\/\/floriankolhammer.com\/product\/schreibtisch-mit-armlehnstuhl-hans-bolek-august-ungethuem-1913\/","og_site_name":"Art Trade Florian Kolhammer","article_publisher":"https:\/\/www.facebook.com\/kolhammer","article_modified_time":"2025-10-24T16:45:18+00:00","og_image":[{"width":1000,"height":1000,"url":"https:\/\/floriankolhammer.com\/wp-content\/uploads\/2025\/08\/1075_Schreibtisch-mit-Armlehnstuhl_Hans_Bolek_Florian_Kolhammer-TB.jpg","type":"image\/jpeg"}],"twitter_card":"summary_large_image","twitter_misc":{"Est. reading time":"3 minutes"},"schema":{"@context":"https:\/\/schema.org","@graph":[{"@type":"WebPage","@id":"https:\/\/floriankolhammer.com\/product\/schreibtisch-mit-armlehnstuhl-hans-bolek-august-ungethuem-1913\/","url":"https:\/\/floriankolhammer.com\/product\/schreibtisch-mit-armlehnstuhl-hans-bolek-august-ungethuem-1913\/","name":"Desk with armchair Hans Bolek August Ungeth\u00fcm 1913 - Art Trade Florian Kolhammer","isPartOf":{"@id":"https:\/\/floriankolhammer.com\/#website"},"primaryImageOfPage":{"@id":"https:\/\/floriankolhammer.com\/product\/schreibtisch-mit-armlehnstuhl-hans-bolek-august-ungethuem-1913\/#primaryimage"},"image":{"@id":"https:\/\/floriankolhammer.com\/product\/schreibtisch-mit-armlehnstuhl-hans-bolek-august-ungethuem-1913\/#primaryimage"},"thumbnailUrl":"https:\/\/floriankolhammer.com\/wp-content\/uploads\/2025\/08\/1075_Schreibtisch-mit-Armlehnstuhl_Hans_Bolek_Florian_Kolhammer-TB.jpg","datePublished":"2025-08-29T14:17:05+00:00","dateModified":"2025-10-24T16:45:18+00:00","breadcrumb":{"@id":"https:\/\/floriankolhammer.com\/product\/schreibtisch-mit-armlehnstuhl-hans-bolek-august-ungethuem-1913\/#breadcrumb"},"inLanguage":"en-US","potentialAction":[{"@type":"ReadAction","target":["https:\/\/floriankolhammer.com\/product\/schreibtisch-mit-armlehnstuhl-hans-bolek-august-ungethuem-1913\/"]}]},{"@type":"ImageObject","inLanguage":"en-US","@id":"https:\/\/floriankolhammer.com\/product\/schreibtisch-mit-armlehnstuhl-hans-bolek-august-ungethuem-1913\/#primaryimage","url":"https:\/\/floriankolhammer.com\/wp-content\/uploads\/2025\/08\/1075_Schreibtisch-mit-Armlehnstuhl_Hans_Bolek_Florian_Kolhammer-TB.jpg","contentUrl":"https:\/\/floriankolhammer.com\/wp-content\/uploads\/2025\/08\/1075_Schreibtisch-mit-Armlehnstuhl_Hans_Bolek_Florian_Kolhammer-TB.jpg","width":1000,"height":1000},{"@type":"BreadcrumbList","@id":"https:\/\/floriankolhammer.com\/product\/schreibtisch-mit-armlehnstuhl-hans-bolek-august-ungethuem-1913\/#breadcrumb","itemListElement":[{"@type":"ListItem","position":1,"name":"Objects","item":"https:\/\/floriankolhammer.com\/en\/objects\/"},{"@type":"ListItem","position":2,"name":"Desk with armchair Hans Bolek August Ungeth\u00fcm 1913"}]},{"@type":"WebSite","@id":"https:\/\/floriankolhammer.com\/#website","url":"https:\/\/floriankolhammer.com\/","name":"Art Trade Florian Kolhammer","description":"Viennese art dealer","publisher":{"@id":"https:\/\/floriankolhammer.com\/#organization"},"potentialAction":[{"@type":"SearchAction","target":{"@type":"EntryPoint","urlTemplate":"https:\/\/floriankolhammer.com\/?s={search_term_string}"},"query-input":{"@type":"PropertyValueSpecification","valueRequired":true,"valueName":"search_term_string"}}],"inLanguage":"en-US"},{"@type":"Organization","@id":"https:\/\/floriankolhammer.com\/#organization","name":"Kunsthandel Florian Kolhammer","url":"https:\/\/floriankolhammer.com\/","logo":{"@type":"ImageObject","inLanguage":"en-US","@id":"https:\/\/floriankolhammer.com\/#\/schema\/logo\/image\/","url":"https:\/\/floriankolhammer.com\/wp-content\/uploads\/2020\/08\/Logo.png","contentUrl":"https:\/\/floriankolhammer.com\/wp-content\/uploads\/2020\/08\/Logo.png","width":2608,"height":2472,"caption":"Kunsthandel Florian Kolhammer"},"image":{"@id":"https:\/\/floriankolhammer.com\/#\/schema\/logo\/image\/"},"sameAs":["https:\/\/www.facebook.com\/kolhammer","https:\/\/www.instagram.com\/floriankolhammer\/"]}]}},"_links":{"self":[{"href":"https:\/\/floriankolhammer.com\/en\/wp-json\/wp\/v2\/product\/26870","targetHints":{"allow":["GET"]}}],"collection":[{"href":"https:\/\/floriankolhammer.com\/en\/wp-json\/wp\/v2\/product"}],"about":[{"href":"https:\/\/floriankolhammer.com\/en\/wp-json\/wp\/v2\/types\/product"}],"wp:featuredmedia":[{"embeddable":true,"href":"https:\/\/floriankolhammer.com\/en\/wp-json\/wp\/v2\/media\/26840"}],"wp:attachment":[{"href":"https:\/\/floriankolhammer.com\/en\/wp-json\/wp\/v2\/media?parent=26870"}],"wp:term":[{"taxonomy":"product_brand","embeddable":true,"href":"https:\/\/floriankolhammer.com\/en\/wp-json\/wp\/v2\/product_brand?post=26870"},{"taxonomy":"product_cat","embeddable":true,"href":"https:\/\/floriankolhammer.com\/en\/wp-json\/wp\/v2\/product_cat?post=26870"},{"taxonomy":"product_tag","embeddable":true,"href":"https:\/\/floriankolhammer.com\/en\/wp-json\/wp\/v2\/product_tag?post=26870"}],"curies":[{"name":"wp","href":"https:\/\/api.w.org\/{rel}","templated":true}]}}