{"id":15802,"date":"2021-07-13T14:08:22","date_gmt":"2021-07-13T12:08:22","guid":{"rendered":"https:\/\/floriankolhammer.com\/newcomer\/"},"modified":"2024-05-22T16:35:24","modified_gmt":"2024-05-22T14:35:24","slug":"newcomer","status":"publish","type":"page","link":"https:\/\/floriankolhammer.com\/en\/newcomer\/","title":{"rendered":"Newcomer"},"content":{"rendered":"\t\t<div data-elementor-type=\"wp-page\" data-elementor-id=\"15802\" class=\"elementor elementor-15802 elementor-15740\" data-elementor-post-type=\"page\">\n\t\t\t\t\t\t<section class=\"elementor-section elementor-top-section elementor-element elementor-element-f52cf31 elementor-section-height-min-height elementor-section-full_width elementor-section-items-bottom elementor-section-height-default\" data-id=\"f52cf31\" data-element_type=\"section\" data-settings=\"{&quot;background_background&quot;:&quot;slideshow&quot;,&quot;background_slideshow_gallery&quot;:[{&quot;id&quot;:15763,&quot;url&quot;:&quot;https:\\\/\\\/floriankolhammer.com\\\/wp-content\\\/uploads\\\/2021\\\/07\\\/Newcomer_Page_Bild-1.jpg&quot;}],&quot;background_slideshow_transition_duration&quot;:900,&quot;background_slideshow_loop&quot;:&quot;yes&quot;,&quot;background_slideshow_slide_duration&quot;:5000,&quot;background_slideshow_slide_transition&quot;:&quot;fade&quot;}\">\n\t\t\t\t\t\t\t<div class=\"elementor-background-overlay\"><\/div>\n\t\t\t\t\t\t\t<div class=\"elementor-container elementor-column-gap-no\">\n\t\t\t\t\t<div class=\"elementor-column elementor-col-100 elementor-top-column elementor-element elementor-element-e91e7f4\" data-id=\"e91e7f4\" data-element_type=\"column\">\n\t\t\t<div class=\"elementor-widget-wrap elementor-element-populated\">\n\t\t\t\t\t\t<section class=\"elementor-section elementor-inner-section elementor-element elementor-element-ca9685a elementor-section-full_width elementor-reverse-tablet elementor-reverse-mobile elementor-section-height-default elementor-section-height-default\" data-id=\"ca9685a\" data-element_type=\"section\">\n\t\t\t\t\t\t<div class=\"elementor-container elementor-column-gap-no\">\n\t\t\t\t\t<div class=\"elementor-column elementor-col-50 elementor-inner-column elementor-element elementor-element-a2fb1b0\" data-id=\"a2fb1b0\" data-element_type=\"column\" data-settings=\"{&quot;background_background&quot;:&quot;classic&quot;}\">\n\t\t\t<div class=\"elementor-widget-wrap elementor-element-populated\">\n\t\t\t\t\t\t<div class=\"elementor-element elementor-element-5c08126 elementor-widget elementor-widget-heading\" data-id=\"5c08126\" data-element_type=\"widget\" data-widget_type=\"heading.default\">\n\t\t\t\t<div class=\"elementor-widget-container\">\n\t\t\t\t\t<h1 class=\"elementor-heading-title elementor-size-default\">Setting the stage for the next generation<\/h1>\t\t\t\t<\/div>\n\t\t\t\t<\/div>\n\t\t\t\t<div class=\"elementor-element elementor-element-2cafbda textinrot elementor-widget elementor-widget-text-editor\" data-id=\"2cafbda\" data-element_type=\"widget\" data-widget_type=\"text-editor.default\">\n\t\t\t\t<div class=\"elementor-widget-container\">\n\t\t\t\t\t\t\t\t\t<p>In addition to our classical program consisting of Jugendstil objects and 20th century paintings, we now also feature the young Viennese artist N.D.C.M. Fr\u00f6hlich.<\/p>\n\t\t\t\t\t\t\t\t<\/div>\n\t\t\t\t<\/div>\n\t\t\t\t\t<\/div>\n\t\t<\/div>\n\t\t\t\t<div class=\"elementor-column elementor-col-50 elementor-inner-column elementor-element elementor-element-72aeca9\" data-id=\"72aeca9\" data-element_type=\"column\">\n\t\t\t<div class=\"elementor-widget-wrap elementor-element-populated\">\n\t\t\t\t\t\t<div class=\"elementor-element elementor-element-f419bd7 elementor-widget elementor-widget-spacer\" data-id=\"f419bd7\" data-element_type=\"widget\" data-widget_type=\"spacer.default\">\n\t\t\t\t<div class=\"elementor-widget-container\">\n\t\t\t\t\t\t\t<div class=\"elementor-spacer\">\n\t\t\t<div class=\"elementor-spacer-inner\"><\/div>\n\t\t<\/div>\n\t\t\t\t\t\t<\/div>\n\t\t\t\t<\/div>\n\t\t\t\t\t<\/div>\n\t\t<\/div>\n\t\t\t\t\t<\/div>\n\t\t<\/section>\n\t\t\t\t\t<\/div>\n\t\t<\/div>\n\t\t\t\t\t<\/div>\n\t\t<\/section>\n\t\t\t\t<section class=\"elementor-section elementor-top-section elementor-element elementor-element-4df6eb7 elementor-section-boxed elementor-section-height-default elementor-section-height-default\" data-id=\"4df6eb7\" data-element_type=\"section\">\n\t\t\t\t\t\t<div class=\"elementor-container elementor-column-gap-default\">\n\t\t\t\t\t<div class=\"elementor-column elementor-col-100 elementor-top-column elementor-element elementor-element-d00cbe7\" data-id=\"d00cbe7\" data-element_type=\"column\">\n\t\t\t<div class=\"elementor-widget-wrap elementor-element-populated\">\n\t\t\t\t\t\t<div class=\"elementor-element elementor-element-8e36522 elementor-widget elementor-widget-spacer\" data-id=\"8e36522\" data-element_type=\"widget\" data-widget_type=\"spacer.default\">\n\t\t\t\t<div class=\"elementor-widget-container\">\n\t\t\t\t\t\t\t<div class=\"elementor-spacer\">\n\t\t\t<div class=\"elementor-spacer-inner\"><\/div>\n\t\t<\/div>\n\t\t\t\t\t\t<\/div>\n\t\t\t\t<\/div>\n\t\t\t\t\t<\/div>\n\t\t<\/div>\n\t\t\t\t\t<\/div>\n\t\t<\/section>\n\t\t\t\t<section class=\"elementor-section elementor-top-section elementor-element elementor-element-5120dac elementor-section-boxed elementor-section-height-default elementor-section-height-default\" data-id=\"5120dac\" data-element_type=\"section\">\n\t\t\t\t\t\t<div class=\"elementor-container elementor-column-gap-default\">\n\t\t\t\t\t<div class=\"elementor-column elementor-col-50 elementor-top-column elementor-element elementor-element-53341d7\" data-id=\"53341d7\" data-element_type=\"column\">\n\t\t\t<div class=\"elementor-widget-wrap elementor-element-populated\">\n\t\t\t\t\t\t<div class=\"elementor-element elementor-element-6640ccc elementor-widget elementor-widget-image\" data-id=\"6640ccc\" data-element_type=\"widget\" data-widget_type=\"image.default\">\n\t\t\t\t<div class=\"elementor-widget-container\">\n\t\t\t\t\t\t\t\t\t\t\t\t\t\t\t<img fetchpriority=\"high\" decoding=\"async\" width=\"1025\" height=\"1025\" src=\"https:\/\/floriankolhammer.com\/wp-content\/uploads\/2021\/07\/Portrait_NDCM_Frohlich-2.jpg\" class=\"attachment-full size-full wp-image-15776\" alt=\"\" srcset=\"https:\/\/floriankolhammer.com\/wp-content\/uploads\/2021\/07\/Portrait_NDCM_Frohlich-2.jpg 1025w, https:\/\/floriankolhammer.com\/wp-content\/uploads\/2021\/07\/Portrait_NDCM_Frohlich-2-768x768.jpg 768w, https:\/\/floriankolhammer.com\/wp-content\/uploads\/2021\/07\/Portrait_NDCM_Frohlich-2-512x512.jpg 512w, https:\/\/floriankolhammer.com\/wp-content\/uploads\/2021\/07\/Portrait_NDCM_Frohlich-2-100x100.jpg 100w\" sizes=\"(max-width: 1025px) 100vw, 1025px\" \/>\t\t\t\t\t\t\t\t\t\t\t\t\t\t\t<\/div>\n\t\t\t\t<\/div>\n\t\t\t\t\t<\/div>\n\t\t<\/div>\n\t\t\t\t<div class=\"elementor-column elementor-col-50 elementor-top-column elementor-element elementor-element-d7eb1dc\" data-id=\"d7eb1dc\" data-element_type=\"column\">\n\t\t\t<div class=\"elementor-widget-wrap elementor-element-populated\">\n\t\t\t\t\t\t<div class=\"elementor-element elementor-element-707d0d8 elementor-widget elementor-widget-heading\" data-id=\"707d0d8\" data-element_type=\"widget\" data-widget_type=\"heading.default\">\n\t\t\t\t<div class=\"elementor-widget-container\">\n\t\t\t\t\t<h3 class=\"elementor-heading-title elementor-size-default\">N.D.C.M. Fr\u00f6hlich<\/h3>\t\t\t\t<\/div>\n\t\t\t\t<\/div>\n\t\t\t\t<div class=\"elementor-element elementor-element-b869622 elementor-widget elementor-widget-text-editor\" data-id=\"b869622\" data-element_type=\"widget\" data-widget_type=\"text-editor.default\">\n\t\t\t\t<div class=\"elementor-widget-container\">\n\t\t\t\t\t\t\t\t\t<p>Nikolaus Dominik Cyril Merlin Fr\u00f6hlich (1989*), N.D.C.M. for short, has been making collages from found and collected materials since 2011. He was inspired to his artistic work by his two artist grandfathers Josef Pillhofer and Rudolf Polanszky, who taught him as a child to go his own way artistically and to create works that clearly position themselves with their own visual language. His collected materials range from 1960s fashion magazines from to old photographs of big cities and animals. His images are created exclusively by hand, in a period of 6 months to 2.5 years, the time he needs to find individual elements with the right size and color in order for them to fit together perfectly. Each of his works tries either to describe a feeling he had, to preserve the past or to tell a story. Each motif he creates has several editions, however, each picture is made unique through the application of gold leaf by the artist himself.<\/p>\n\t\t\t\t\t\t\t\t<\/div>\n\t\t\t\t<\/div>\n\t\t\t\t<div class=\"elementor-element elementor-element-3e8d14e elementor-align-left elementor-mobile-align-center elementor-widget elementor-widget-button\" data-id=\"3e8d14e\" data-element_type=\"widget\" data-widget_type=\"button.default\">\n\t\t\t\t<div class=\"elementor-widget-container\">\n\t\t\t\t\t\t\t\t\t<div class=\"elementor-button-wrapper\">\n\t\t\t\t\t<a class=\"elementor-button elementor-button-link elementor-size-sm\" href=\"https:\/\/floriankolhammer.com\/en\/objects\/?search_products=N.%20D.%20C.%20M.\">\n\t\t\t\t\t\t<span class=\"elementor-button-content-wrapper\">\n\t\t\t\t\t\t\t\t\t<span class=\"elementor-button-text\">Discover his works<\/span>\n\t\t\t\t\t<\/span>\n\t\t\t\t\t<\/a>\n\t\t\t\t<\/div>\n\t\t\t\t\t\t\t\t<\/div>\n\t\t\t\t<\/div>\n\t\t\t\t\t<\/div>\n\t\t<\/div>\n\t\t\t\t\t<\/div>\n\t\t<\/section>\n\t\t\t\t<section class=\"elementor-section elementor-top-section elementor-element elementor-element-5fd34b4 elementor-hidden-desktop elementor-hidden-tablet elementor-hidden-mobile elementor-section-boxed elementor-section-height-default elementor-section-height-default\" data-id=\"5fd34b4\" data-element_type=\"section\">\n\t\t\t\t\t\t<div class=\"elementor-container elementor-column-gap-default\">\n\t\t\t\t\t<div class=\"elementor-column elementor-col-100 elementor-top-column elementor-element elementor-element-83d1f91\" data-id=\"83d1f91\" data-element_type=\"column\">\n\t\t\t<div class=\"elementor-widget-wrap elementor-element-populated\">\n\t\t\t\t\t\t<div class=\"elementor-element elementor-element-f26b245 elementor-widget elementor-widget-spacer\" data-id=\"f26b245\" data-element_type=\"widget\" data-widget_type=\"spacer.default\">\n\t\t\t\t<div class=\"elementor-widget-container\">\n\t\t\t\t\t\t\t<div class=\"elementor-spacer\">\n\t\t\t<div class=\"elementor-spacer-inner\"><\/div>\n\t\t<\/div>\n\t\t\t\t\t\t<\/div>\n\t\t\t\t<\/div>\n\t\t\t\t\t<\/div>\n\t\t<\/div>\n\t\t\t\t\t<\/div>\n\t\t<\/section>\n\t\t\t\t<section class=\"elementor-section elementor-top-section elementor-element elementor-element-cea20f1 elementor-hidden-desktop elementor-hidden-tablet elementor-hidden-mobile elementor-section-boxed elementor-section-height-default elementor-section-height-default\" data-id=\"cea20f1\" data-element_type=\"section\">\n\t\t\t\t\t\t<div class=\"elementor-container elementor-column-gap-default\">\n\t\t\t\t\t<div class=\"elementor-column elementor-col-50 elementor-top-column elementor-element elementor-element-3713a56\" data-id=\"3713a56\" data-element_type=\"column\">\n\t\t\t<div class=\"elementor-widget-wrap elementor-element-populated\">\n\t\t\t\t\t\t<div class=\"elementor-element elementor-element-eb48b22 elementor-widget elementor-widget-image\" data-id=\"eb48b22\" data-element_type=\"widget\" data-widget_type=\"image.default\">\n\t\t\t\t<div class=\"elementor-widget-container\">\n\t\t\t\t\t\t\t\t\t\t\t\t\t\t\t<img decoding=\"async\" src=\"https:\/\/floriankolhammer.com\/wp-content\/uploads\/2021\/12\/Marko_Djurdjevic.jpeg\" title=\"\" alt=\"\" loading=\"lazy\" \/>\t\t\t\t\t\t\t\t\t\t\t\t\t\t\t<\/div>\n\t\t\t\t<\/div>\n\t\t\t\t\t<\/div>\n\t\t<\/div>\n\t\t\t\t<div class=\"elementor-column elementor-col-50 elementor-top-column elementor-element elementor-element-17a8ef9\" data-id=\"17a8ef9\" data-element_type=\"column\">\n\t\t\t<div class=\"elementor-widget-wrap elementor-element-populated\">\n\t\t\t\t\t\t<div class=\"elementor-element elementor-element-3a347d8 elementor-widget elementor-widget-heading\" data-id=\"3a347d8\" data-element_type=\"widget\" data-widget_type=\"heading.default\">\n\t\t\t\t<div class=\"elementor-widget-container\">\n\t\t\t\t\t<h3 class=\"elementor-heading-title elementor-size-default\">Marko Djurdjevic<\/h3>\t\t\t\t<\/div>\n\t\t\t\t<\/div>\n\t\t\t\t<div class=\"elementor-element elementor-element-8e3cb54 elementor-widget elementor-widget-text-editor\" data-id=\"8e3cb54\" data-element_type=\"widget\" data-widget_type=\"text-editor.default\">\n\t\t\t\t<div class=\"elementor-widget-container\">\n\t\t\t\t\t\t\t\t\t<p>Marko Djurdjevic (2001*) has been painting since the age of five. Painting was and is an essential form of expression for him; a language by means of which his life and his experiences become conveyable. In painting, he has found a way to process and transform formative biographical experiences. Furthermore, his view of the world, of social processes and world events are expressed in his works. Djurdjevic deals with socio-political issues. Through his art, he takes up themes that occupy, concern and move him &#8211; with the aim of confronting, provoking and touching. Djurdjevic, who learned painting autodidactically, lives and works in Klosterneuburg near Vienna.<\/p>\n\t\t\t\t\t\t\t\t<\/div>\n\t\t\t\t<\/div>\n\t\t\t\t<div class=\"elementor-element elementor-element-d8f850d elementor-align-left elementor-mobile-align-center elementor-widget elementor-widget-button\" data-id=\"d8f850d\" data-element_type=\"widget\" data-widget_type=\"button.default\">\n\t\t\t\t<div class=\"elementor-widget-container\">\n\t\t\t\t\t\t\t\t\t<div class=\"elementor-button-wrapper\">\n\t\t\t\t\t<a class=\"elementor-button elementor-button-link elementor-size-sm\" href=\"https:\/\/floriankolhammer.com\/en\/objects\/?search_products=Marko%20Djurdjevic\">\n\t\t\t\t\t\t<span class=\"elementor-button-content-wrapper\">\n\t\t\t\t\t\t\t\t\t<span class=\"elementor-button-text\">Discover his works<\/span>\n\t\t\t\t\t<\/span>\n\t\t\t\t\t<\/a>\n\t\t\t\t<\/div>\n\t\t\t\t\t\t\t\t<\/div>\n\t\t\t\t<\/div>\n\t\t\t\t\t<\/div>\n\t\t<\/div>\n\t\t\t\t\t<\/div>\n\t\t<\/section>\n\t\t\t\t<section class=\"elementor-section elementor-top-section elementor-element elementor-element-8c5de4e elementor-section-boxed elementor-section-height-default elementor-section-height-default\" data-id=\"8c5de4e\" data-element_type=\"section\">\n\t\t\t\t\t\t<div class=\"elementor-container elementor-column-gap-default\">\n\t\t\t\t\t<div class=\"elementor-column elementor-col-100 elementor-top-column elementor-element elementor-element-8db0eef\" data-id=\"8db0eef\" data-element_type=\"column\">\n\t\t\t<div class=\"elementor-widget-wrap elementor-element-populated\">\n\t\t\t\t\t\t<div class=\"elementor-element elementor-element-f217a9e elementor-widget elementor-widget-spacer\" data-id=\"f217a9e\" data-element_type=\"widget\" data-widget_type=\"spacer.default\">\n\t\t\t\t<div class=\"elementor-widget-container\">\n\t\t\t\t\t\t\t<div class=\"elementor-spacer\">\n\t\t\t<div class=\"elementor-spacer-inner\"><\/div>\n\t\t<\/div>\n\t\t\t\t\t\t<\/div>\n\t\t\t\t<\/div>\n\t\t\t\t\t<\/div>\n\t\t<\/div>\n\t\t\t\t\t<\/div>\n\t\t<\/section>\n\t\t\t\t<\/div>\n\t\t","protected":false},"excerpt":{"rendered":"<p>Setting the stage for the next generation In addition to our classical program consisting of Jugendstil objects and 20th century paintings, we now also feature the young Viennese artist N.D.C.M. Fr\u00f6hlich. N.D.C.M. Fr\u00f6hlich Nikolaus Dominik Cyril Merlin Fr\u00f6hlich (1989*), N.D.C.M. for short, has been making collages from found and collected materials since 2011. He was [&hellip;]<\/p>\n","protected":false},"author":3,"featured_media":15751,"parent":0,"menu_order":0,"comment_status":"closed","ping_status":"closed","template":"","meta":{"footnotes":""},"class_list":["post-15802","page","type-page","status-publish","has-post-thumbnail","hentry"],"yoast_head":"<!-- This site is optimized with the Yoast SEO plugin v27.4 - https:\/\/yoast.com\/product\/yoast-seo-wordpress\/ -->\n<title>Newcomer - Art Trade Florian Kolhammer<\/title>\n<meta name=\"description\" content=\"In addition to our classical program consisting of Jugendstil objects we now also feature two young Viennese artists\" \/>\n<meta name=\"robots\" content=\"index, follow, max-snippet:-1, max-image-preview:large, max-video-preview:-1\" \/>\n<link rel=\"canonical\" href=\"https:\/\/floriankolhammer.com\/newcomer\/\" \/>\n<meta property=\"og:locale\" content=\"en_US\" \/>\n<meta property=\"og:type\" content=\"article\" \/>\n<meta property=\"og:title\" content=\"Newcomer - Art Trade Florian Kolhammer\" \/>\n<meta property=\"og:description\" content=\"In addition to our classical program consisting of Jugendstil objects we now also feature two young Viennese artists\" \/>\n<meta property=\"og:url\" content=\"https:\/\/floriankolhammer.com\/newcomer\/\" \/>\n<meta property=\"og:site_name\" content=\"Art Trade Florian Kolhammer\" \/>\n<meta property=\"article:publisher\" content=\"https:\/\/www.facebook.com\/kolhammer\" \/>\n<meta property=\"article:modified_time\" content=\"2024-05-22T14:35:24+00:00\" \/>\n<meta property=\"og:image\" content=\"https:\/\/floriankolhammer.com\/wp-content\/uploads\/2021\/07\/Newcomer_Page_Bild.jpg\" \/>\n\t<meta property=\"og:image:width\" content=\"1024\" \/>\n\t<meta property=\"og:image:height\" content=\"776\" \/>\n\t<meta property=\"og:image:type\" content=\"image\/jpeg\" \/>\n<meta name=\"twitter:card\" content=\"summary_large_image\" \/>\n<meta name=\"twitter:label1\" content=\"Est. reading time\" \/>\n\t<meta name=\"twitter:data1\" content=\"2 minutes\" \/>\n<script type=\"application\/ld+json\" class=\"yoast-schema-graph\">{\"@context\":\"https:\\\/\\\/schema.org\",\"@graph\":[{\"@type\":\"WebPage\",\"@id\":\"https:\\\/\\\/floriankolhammer.com\\\/newcomer\\\/\",\"url\":\"https:\\\/\\\/floriankolhammer.com\\\/newcomer\\\/\",\"name\":\"Newcomer - Art Trade Florian Kolhammer\",\"isPartOf\":{\"@id\":\"https:\\\/\\\/floriankolhammer.com\\\/#website\"},\"primaryImageOfPage\":{\"@id\":\"https:\\\/\\\/floriankolhammer.com\\\/newcomer\\\/#primaryimage\"},\"image\":{\"@id\":\"https:\\\/\\\/floriankolhammer.com\\\/newcomer\\\/#primaryimage\"},\"thumbnailUrl\":\"https:\\\/\\\/floriankolhammer.com\\\/wp-content\\\/uploads\\\/2021\\\/07\\\/Newcomer_Page_Bild.jpg\",\"datePublished\":\"2021-07-13T12:08:22+00:00\",\"dateModified\":\"2024-05-22T14:35:24+00:00\",\"description\":\"In addition to our classical program consisting of Jugendstil objects we now also feature two young Viennese artists\",\"inLanguage\":\"en-US\",\"potentialAction\":[{\"@type\":\"ReadAction\",\"target\":[\"https:\\\/\\\/floriankolhammer.com\\\/newcomer\\\/\"]}]},{\"@type\":\"ImageObject\",\"inLanguage\":\"en-US\",\"@id\":\"https:\\\/\\\/floriankolhammer.com\\\/newcomer\\\/#primaryimage\",\"url\":\"https:\\\/\\\/floriankolhammer.com\\\/wp-content\\\/uploads\\\/2021\\\/07\\\/Newcomer_Page_Bild.jpg\",\"contentUrl\":\"https:\\\/\\\/floriankolhammer.com\\\/wp-content\\\/uploads\\\/2021\\\/07\\\/Newcomer_Page_Bild.jpg\",\"width\":1024,\"height\":776},{\"@type\":\"WebSite\",\"@id\":\"https:\\\/\\\/floriankolhammer.com\\\/#website\",\"url\":\"https:\\\/\\\/floriankolhammer.com\\\/\",\"name\":\"Art Trade Florian Kolhammer\",\"description\":\"Viennese art dealer\",\"publisher\":{\"@id\":\"https:\\\/\\\/floriankolhammer.com\\\/#organization\"},\"potentialAction\":[{\"@type\":\"SearchAction\",\"target\":{\"@type\":\"EntryPoint\",\"urlTemplate\":\"https:\\\/\\\/floriankolhammer.com\\\/?s={search_term_string}\"},\"query-input\":{\"@type\":\"PropertyValueSpecification\",\"valueRequired\":true,\"valueName\":\"search_term_string\"}}],\"inLanguage\":\"en-US\"},{\"@type\":\"Organization\",\"@id\":\"https:\\\/\\\/floriankolhammer.com\\\/#organization\",\"name\":\"Kunsthandel Florian Kolhammer\",\"url\":\"https:\\\/\\\/floriankolhammer.com\\\/\",\"logo\":{\"@type\":\"ImageObject\",\"inLanguage\":\"en-US\",\"@id\":\"https:\\\/\\\/floriankolhammer.com\\\/#\\\/schema\\\/logo\\\/image\\\/\",\"url\":\"https:\\\/\\\/floriankolhammer.com\\\/wp-content\\\/uploads\\\/2020\\\/08\\\/Logo.png\",\"contentUrl\":\"https:\\\/\\\/floriankolhammer.com\\\/wp-content\\\/uploads\\\/2020\\\/08\\\/Logo.png\",\"width\":2608,\"height\":2472,\"caption\":\"Kunsthandel Florian Kolhammer\"},\"image\":{\"@id\":\"https:\\\/\\\/floriankolhammer.com\\\/#\\\/schema\\\/logo\\\/image\\\/\"},\"sameAs\":[\"https:\\\/\\\/www.facebook.com\\\/kolhammer\",\"https:\\\/\\\/www.instagram.com\\\/floriankolhammer\\\/\"]}]}<\/script>\n<!-- \/ Yoast SEO plugin. -->","yoast_head_json":{"title":"Newcomer - Art Trade Florian Kolhammer","description":"In addition to our classical program consisting of Jugendstil objects we now also feature two young Viennese artists","robots":{"index":"index","follow":"follow","max-snippet":"max-snippet:-1","max-image-preview":"max-image-preview:large","max-video-preview":"max-video-preview:-1"},"canonical":"https:\/\/floriankolhammer.com\/newcomer\/","og_locale":"en_US","og_type":"article","og_title":"Newcomer - Art Trade Florian Kolhammer","og_description":"In addition to our classical program consisting of Jugendstil objects we now also feature two young Viennese artists","og_url":"https:\/\/floriankolhammer.com\/newcomer\/","og_site_name":"Art Trade Florian Kolhammer","article_publisher":"https:\/\/www.facebook.com\/kolhammer","article_modified_time":"2024-05-22T14:35:24+00:00","og_image":[{"width":1024,"height":776,"url":"https:\/\/floriankolhammer.com\/wp-content\/uploads\/2021\/07\/Newcomer_Page_Bild.jpg","type":"image\/jpeg"}],"twitter_card":"summary_large_image","twitter_misc":{"Est. reading time":"2 minutes"},"schema":{"@context":"https:\/\/schema.org","@graph":[{"@type":"WebPage","@id":"https:\/\/floriankolhammer.com\/newcomer\/","url":"https:\/\/floriankolhammer.com\/newcomer\/","name":"Newcomer - Art Trade Florian Kolhammer","isPartOf":{"@id":"https:\/\/floriankolhammer.com\/#website"},"primaryImageOfPage":{"@id":"https:\/\/floriankolhammer.com\/newcomer\/#primaryimage"},"image":{"@id":"https:\/\/floriankolhammer.com\/newcomer\/#primaryimage"},"thumbnailUrl":"https:\/\/floriankolhammer.com\/wp-content\/uploads\/2021\/07\/Newcomer_Page_Bild.jpg","datePublished":"2021-07-13T12:08:22+00:00","dateModified":"2024-05-22T14:35:24+00:00","description":"In addition to our classical program consisting of Jugendstil objects we now also feature two young Viennese artists","inLanguage":"en-US","potentialAction":[{"@type":"ReadAction","target":["https:\/\/floriankolhammer.com\/newcomer\/"]}]},{"@type":"ImageObject","inLanguage":"en-US","@id":"https:\/\/floriankolhammer.com\/newcomer\/#primaryimage","url":"https:\/\/floriankolhammer.com\/wp-content\/uploads\/2021\/07\/Newcomer_Page_Bild.jpg","contentUrl":"https:\/\/floriankolhammer.com\/wp-content\/uploads\/2021\/07\/Newcomer_Page_Bild.jpg","width":1024,"height":776},{"@type":"WebSite","@id":"https:\/\/floriankolhammer.com\/#website","url":"https:\/\/floriankolhammer.com\/","name":"Art Trade Florian Kolhammer","description":"Viennese art dealer","publisher":{"@id":"https:\/\/floriankolhammer.com\/#organization"},"potentialAction":[{"@type":"SearchAction","target":{"@type":"EntryPoint","urlTemplate":"https:\/\/floriankolhammer.com\/?s={search_term_string}"},"query-input":{"@type":"PropertyValueSpecification","valueRequired":true,"valueName":"search_term_string"}}],"inLanguage":"en-US"},{"@type":"Organization","@id":"https:\/\/floriankolhammer.com\/#organization","name":"Kunsthandel Florian Kolhammer","url":"https:\/\/floriankolhammer.com\/","logo":{"@type":"ImageObject","inLanguage":"en-US","@id":"https:\/\/floriankolhammer.com\/#\/schema\/logo\/image\/","url":"https:\/\/floriankolhammer.com\/wp-content\/uploads\/2020\/08\/Logo.png","contentUrl":"https:\/\/floriankolhammer.com\/wp-content\/uploads\/2020\/08\/Logo.png","width":2608,"height":2472,"caption":"Kunsthandel Florian Kolhammer"},"image":{"@id":"https:\/\/floriankolhammer.com\/#\/schema\/logo\/image\/"},"sameAs":["https:\/\/www.facebook.com\/kolhammer","https:\/\/www.instagram.com\/floriankolhammer\/"]}]}},"_links":{"self":[{"href":"https:\/\/floriankolhammer.com\/en\/wp-json\/wp\/v2\/pages\/15802","targetHints":{"allow":["GET"]}}],"collection":[{"href":"https:\/\/floriankolhammer.com\/en\/wp-json\/wp\/v2\/pages"}],"about":[{"href":"https:\/\/floriankolhammer.com\/en\/wp-json\/wp\/v2\/types\/page"}],"author":[{"embeddable":true,"href":"https:\/\/floriankolhammer.com\/en\/wp-json\/wp\/v2\/users\/3"}],"replies":[{"embeddable":true,"href":"https:\/\/floriankolhammer.com\/en\/wp-json\/wp\/v2\/comments?post=15802"}],"version-history":[{"count":18,"href":"https:\/\/floriankolhammer.com\/en\/wp-json\/wp\/v2\/pages\/15802\/revisions"}],"predecessor-version":[{"id":22948,"href":"https:\/\/floriankolhammer.com\/en\/wp-json\/wp\/v2\/pages\/15802\/revisions\/22948"}],"wp:featuredmedia":[{"embeddable":true,"href":"https:\/\/floriankolhammer.com\/en\/wp-json\/wp\/v2\/media\/15751"}],"wp:attachment":[{"href":"https:\/\/floriankolhammer.com\/en\/wp-json\/wp\/v2\/media?parent=15802"}],"curies":[{"name":"wp","href":"https:\/\/api.w.org\/{rel}","templated":true}]}}